{"id":13214,"date":"2025-02-23T17:38:50","date_gmt":"2025-02-23T17:38:50","guid":{"rendered":"https:\/\/residencialelalba.es\/visit-us\/"},"modified":"2025-02-24T20:11:30","modified_gmt":"2025-02-24T20:11:30","slug":"visit-us","status":"publish","type":"page","link":"https:\/\/residencialelalba.es\/en\/visit-us\/","title":{"rendered":"Visit us"},"content":{"rendered":"\t\t<div data-elementor-type=\"wp-page\" data-elementor-id=\"13214\" class=\"elementor elementor-13214 elementor-10889\" data-elementor-post-type=\"page\">\n\t\t\t\t<div class=\"elementor-element elementor-element-f70afb8 e-flex e-con-boxed e-con e-parent\" data-id=\"f70afb8\" data-element_type=\"container\">\n\t\t\t\t\t<div class=\"e-con-inner\">\n\t\t<div class=\"elementor-element elementor-element-7896240 e-con-full e-flex e-con e-child\" data-id=\"7896240\" data-element_type=\"container\">\n\t\t<div class=\"elementor-element elementor-element-824f721 e-con-full e-flex e-con e-child\" data-id=\"824f721\" data-element_type=\"container\">\n\t\t\t\t<div class=\"elementor-element elementor-element-ac0d4ca elementor-absolute elementor-widget elementor-widget-image\" data-id=\"ac0d4ca\" data-element_type=\"widget\" data-settings=\"{&quot;_position&quot;:&quot;absolute&quot;}\" data-widget_type=\"image.default\">\n\t\t\t\t\t\t\t\t\t\t\t\t\t\t\t<img decoding=\"async\" width=\"800\" height=\"559\" data-src=\"https:\/\/residencialelalba.es\/wp-content\/uploads\/2025\/02\/semicirculo-amarillo.svg\" class=\"attachment-large size-large wp-image-11040 lazyload\" alt=\"\" src=\"data:image\/svg+xml;base64,PHN2ZyB3aWR0aD0iMSIgaGVpZ2h0PSIxIiB4bWxucz0iaHR0cDovL3d3dy53My5vcmcvMjAwMC9zdmciPjwvc3ZnPg==\" style=\"--smush-placeholder-width: 800px; --smush-placeholder-aspect-ratio: 800\/559;\" \/>\t\t\t\t\t\t\t\t\t\t\t\t\t\t\t<\/div>\n\t\t\t\t<div class=\"elementor-element elementor-element-61d0e29 elementor-widget__width-initial elementor-widget elementor-widget-heading\" data-id=\"61d0e29\" data-element_type=\"widget\" data-widget_type=\"heading.default\">\n\t\t\t\t\t<h2 class=\"elementor-heading-title elementor-size-default\">HOW TO<br \/> <b>GET THERE<\/b><\/h2>\t\t\t\t<\/div>\n\t\t\t\t<\/div>\n\t\t<div class=\"elementor-element elementor-element-8bfa380 e-con-full e-flex e-con e-child\" data-id=\"8bfa380\" data-element_type=\"container\">\n\t\t\t\t<div class=\"elementor-element elementor-element-b59d8b7 elementor-widget__width-inherit elementor-widget elementor-widget-heading\" data-id=\"b59d8b7\" data-element_type=\"widget\" data-widget_type=\"heading.default\">\n\t\t\t\t\t<h2 class=\"elementor-heading-title elementor-size-default\">BY CAR<\/h2>\t\t\t\t<\/div>\n\t\t\t\t<div class=\"elementor-element elementor-element-6d0e894 quitar-margen-boolets elementor-widget elementor-widget-text-editor\" data-id=\"6d0e894\" data-element_type=\"widget\" data-widget_type=\"text-editor.default\">\n\t\t\t\t\t\t\t\t\t<ul>\n<li>From Rold\u00e1n, take the RM-F21 towards Torre Pacheco.<\/li>\n<\/ul>\n\t\t\t\t\t\t\t\t<\/div>\n\t\t\t\t<\/div>\n\t\t<div class=\"elementor-element elementor-element-2063f8d e-con-full e-flex e-con e-child\" data-id=\"2063f8d\" data-element_type=\"container\">\n\t\t\t\t<div class=\"elementor-element elementor-element-0ed3ecb elementor-widget__width-inherit elementor-widget elementor-widget-heading\" data-id=\"0ed3ecb\" data-element_type=\"widget\" data-widget_type=\"heading.default\">\n\t\t\t\t\t<h2 class=\"elementor-heading-title elementor-size-default\">BY PLANE<\/h2>\t\t\t\t<\/div>\n\t\t\t\t<div class=\"elementor-element elementor-element-2bdf100 quitar-margen-boolets elementor-widget elementor-widget-text-editor\" data-id=\"2bdf100\" data-element_type=\"widget\" data-widget_type=\"text-editor.default\">\n\t\t\t\t\t\t\t\t\t<ul>\n<li>From the Regi\u00f3n de Murcia International Airport.<\/li>\n<li>From the Alicante &#8211; Elche Miguel Hern\u00e1ndez International Airport.<\/li>\n<\/ul>\n\t\t\t\t\t\t\t\t<\/div>\n\t\t\t\t<\/div>\n\t\t<div class=\"elementor-element elementor-element-63a650b e-con-full e-flex e-con e-child\" data-id=\"63a650b\" data-element_type=\"container\">\n\t\t\t\t<div class=\"elementor-element elementor-element-f0eb1da elementor-widget__width-inherit elementor-widget elementor-widget-heading\" data-id=\"f0eb1da\" data-element_type=\"widget\" data-widget_type=\"heading.default\">\n\t\t\t\t\t<h2 class=\"elementor-heading-title elementor-size-default\">BY TRAIN<\/h2>\t\t\t\t<\/div>\n\t\t\t\t<div class=\"elementor-element elementor-element-2048916 quitar-margen-boolets elementor-widget elementor-widget-text-editor\" data-id=\"2048916\" data-element_type=\"widget\" data-widget_type=\"text-editor.default\">\n\t\t\t\t\t\t\t\t\t<ul>\n<li>From Torre Pacheco train station.<\/li>\n<li>From Balsicas-Mar Menor train station.<\/li>\n<\/ul>\n\t\t\t\t\t\t\t\t<\/div>\n\t\t\t\t<\/div>\n\t\t<div class=\"elementor-element elementor-element-701dbda e-con-full e-flex e-con e-child\" data-id=\"701dbda\" data-element_type=\"container\">\n\t\t\t\t<div class=\"elementor-element elementor-element-73caa51 elementor-widget__width-inherit elementor-widget elementor-widget-heading\" data-id=\"73caa51\" data-element_type=\"widget\" data-widget_type=\"heading.default\">\n\t\t\t\t\t<h2 class=\"elementor-heading-title elementor-size-default\">BY BUS<\/h2>\t\t\t\t<\/div>\n\t\t\t\t<div class=\"elementor-element elementor-element-7b95c4f quitar-margen-boolets elementor-widget elementor-widget-text-editor\" data-id=\"7b95c4f\" data-element_type=\"widget\" data-widget_type=\"text-editor.default\">\n\t\t\t\t\t\t\t\t\t<ul>\n<li>Bus stop \u201cLos Cachimanes\u201d.<\/li>\n<\/ul>\n\t\t\t\t\t\t\t\t<\/div>\n\t\t\t\t<\/div>\n\t\t\t\t<\/div>\n\t\t<div class=\"elementor-element elementor-element-40301c9 e-con-full animated-slow e-flex elementor-invisible e-con e-child\" data-id=\"40301c9\" data-element_type=\"container\" data-settings=\"{&quot;animation&quot;:&quot;fadeIn&quot;}\">\n\t\t<div class=\"elementor-element elementor-element-8d8638e e-con-full e-flex e-con e-child\" data-id=\"8d8638e\" data-element_type=\"container\" data-settings=\"{&quot;motion_fx_motion_fx_scrolling&quot;:&quot;yes&quot;,&quot;motion_fx_translateY_effect&quot;:&quot;yes&quot;,&quot;motion_fx_translateY_direction&quot;:&quot;negative&quot;,&quot;motion_fx_translateY_affectedRange&quot;:{&quot;unit&quot;:&quot;%&quot;,&quot;size&quot;:&quot;&quot;,&quot;sizes&quot;:{&quot;start&quot;:0,&quot;end&quot;:70}},&quot;motion_fx_devices&quot;:[&quot;desktop&quot;],&quot;motion_fx_translateY_speed&quot;:{&quot;unit&quot;:&quot;px&quot;,&quot;size&quot;:4,&quot;sizes&quot;:[]}}\">\n\t\t\t\t<div class=\"elementor-element elementor-element-f86f87c elementor-widget elementor-widget-google_maps\" data-id=\"f86f87c\" data-element_type=\"widget\" data-widget_type=\"google_maps.default\">\n\t\t\t\t\t\t\t<div class=\"elementor-custom-embed\">\n\t\t\t<iframe\n\t\t\t\t\tdata-src=\"https:\/\/maps.google.com\/maps?q=El%20Alba%20Mediterranean%20Resort&#038;t=m&#038;z=10&#038;output=embed&#038;iwloc=near\"\n\t\t\t\t\ttitle=\"El Alba Mediterranean Resort\"\n\t\t\t\t\taria-label=\"El Alba Mediterranean Resort\"\n\t\t\t src=\"data:image\/svg+xml;base64,PHN2ZyB3aWR0aD0iMSIgaGVpZ2h0PSIxIiB4bWxucz0iaHR0cDovL3d3dy53My5vcmcvMjAwMC9zdmciPjwvc3ZnPg==\" class=\"lazyload\" data-load-mode=\"1\"><\/iframe>\n\t\t<\/div>\n\t\t\t\t\t\t<\/div>\n\t\t\t\t<\/div>\n\t\t\t\t<\/div>\n\t\t\t\t\t<\/div>\n\t\t\t\t<\/div>\n\t\t<div class=\"elementor-element elementor-element-dc15ab3 e-flex e-con-boxed e-con e-parent\" data-id=\"dc15ab3\" data-element_type=\"container\" data-settings=\"{&quot;background_background&quot;:&quot;classic&quot;}\">\n\t\t\t\t\t<div class=\"e-con-inner\">\n\t\t\t\t<div class=\"elementor-element elementor-element-98924da elementor-widget__width-inherit elementor-widget elementor-widget-heading\" data-id=\"98924da\" data-element_type=\"widget\" data-widget_type=\"heading.default\">\n\t\t\t\t\t<h2 class=\"elementor-heading-title elementor-size-default\">MAKE AN APPOINTMENT AT<br \/><b style=\"color: #FF8E4C\">OUR SALES OFFICE<\/b><\/h2>\t\t\t\t<\/div>\n\t\t<div class=\"elementor-element elementor-element-ccb5ca1 e-con-full e-flex e-con e-child\" data-id=\"ccb5ca1\" data-element_type=\"container\" data-settings=\"{&quot;background_background&quot;:&quot;classic&quot;}\">\n\t\t<div class=\"elementor-element elementor-element-864fc72 e-con-full e-flex e-con e-child\" data-id=\"864fc72\" data-element_type=\"container\">\n\t\t\t\t<div class=\"elementor-element elementor-element-52e2ae8 elementor-widget elementor-widget-image\" data-id=\"52e2ae8\" data-element_type=\"widget\" data-widget_type=\"image.default\">\n\t\t\t\t\t\t\t\t\t\t\t\t\t\t\t<img decoding=\"async\" width=\"326\" height=\"83\" data-src=\"https:\/\/residencialelalba.es\/wp-content\/uploads\/2025\/02\/logotipo-property-co.png\" class=\"attachment-large size-large wp-image-13111 lazyload\" alt=\"\" data-srcset=\"https:\/\/residencialelalba.es\/wp-content\/uploads\/2025\/02\/logotipo-property-co.png 326w, https:\/\/residencialelalba.es\/wp-content\/uploads\/2025\/02\/logotipo-property-co-300x76.png 300w\" data-sizes=\"(max-width: 326px) 100vw, 326px\" src=\"data:image\/svg+xml;base64,PHN2ZyB3aWR0aD0iMSIgaGVpZ2h0PSIxIiB4bWxucz0iaHR0cDovL3d3dy53My5vcmcvMjAwMC9zdmciPjwvc3ZnPg==\" style=\"--smush-placeholder-width: 326px; --smush-placeholder-aspect-ratio: 326\/83;\" \/>\t\t\t\t\t\t\t\t\t\t\t\t\t\t\t<\/div>\n\t\t\t\t<div class=\"elementor-element elementor-element-7fea196 elementor-widget__width-inherit elementor-widget elementor-widget-heading\" data-id=\"7fea196\" data-element_type=\"widget\" data-widget_type=\"heading.default\">\n\t\t\t\t\t<h2 class=\"elementor-heading-title elementor-size-default\">PROPERTIES<\/h2>\t\t\t\t<\/div>\n\t\t\t\t<div class=\"elementor-element elementor-element-ccaaf7a elementor-widget__width-initial elementor-widget elementor-widget-text-editor\" data-id=\"ccaaf7a\" data-element_type=\"widget\" data-widget_type=\"text-editor.default\">\n\t\t\t\t\t\t\t\t\t<p>Do you want to visit the show villa or learn more about the different properties?<br \/>\nContact our sales representative <strong>Steve Michel Petitjean<\/strong>.<\/p>\n\t\t\t\t\t\t\t\t<\/div>\n\t\t<div class=\"elementor-element elementor-element-017392a e-con-full e-flex e-con e-child\" data-id=\"017392a\" data-element_type=\"container\">\n\t\t\t\t<div class=\"elementor-element elementor-element-32faf9f elementor-position-left elementor-widget__width-auto e-transform e-transform elementor-view-default elementor-mobile-position-top elementor-invisible elementor-widget elementor-widget-icon-box\" data-id=\"32faf9f\" data-element_type=\"widget\" data-settings=\"{&quot;_animation&quot;:&quot;fadeInUp&quot;,&quot;_transform_scale_effect&quot;:{&quot;unit&quot;:&quot;px&quot;,&quot;size&quot;:1,&quot;sizes&quot;:[]},&quot;_transform_scale_effect_hover&quot;:{&quot;unit&quot;:&quot;px&quot;,&quot;size&quot;:1.1,&quot;sizes&quot;:[]},&quot;_transform_scale_effect_tablet&quot;:{&quot;unit&quot;:&quot;px&quot;,&quot;size&quot;:&quot;&quot;,&quot;sizes&quot;:[]},&quot;_transform_scale_effect_mobile&quot;:{&quot;unit&quot;:&quot;px&quot;,&quot;size&quot;:&quot;&quot;,&quot;sizes&quot;:[]},&quot;_transform_scale_effect_hover_tablet&quot;:{&quot;unit&quot;:&quot;px&quot;,&quot;size&quot;:&quot;&quot;,&quot;sizes&quot;:[]},&quot;_transform_scale_effect_hover_mobile&quot;:{&quot;unit&quot;:&quot;px&quot;,&quot;size&quot;:&quot;&quot;,&quot;sizes&quot;:[]}}\" data-widget_type=\"icon-box.default\">\n\t\t\t\t\t\t\t<div class=\"elementor-icon-box-wrapper\">\n\n\t\t\t\t\t\t<div class=\"elementor-icon-box-icon\">\n\t\t\t\t<a href=\"https:\/\/wa.me\/34665229848?text=I%20want%20information%20about%20properties%20at%20El%20Alba%20Mediterranean%20Resort\" target=\"_blank\" class=\"elementor-icon\" tabindex=\"-1\" aria-label=\"+34 665 229 848\" rel=\"nofollow noopener\">\n\t\t\t\t<svg xmlns=\"http:\/\/www.w3.org\/2000\/svg\" id=\"Capa_1\" data-name=\"Capa 1\" viewBox=\"0 0 26.05 26.05\"><defs><style>      .cls-1 {        fill: #ffa97f;      }    <\/style><\/defs><path class=\"cls-1\" d=\"M20.58,16.13c-.53-.55-1.18-.85-1.86-.85s-1.32.29-1.88.85l-1.74,1.73c-.14-.08-.29-.15-.42-.22-.2-.1-.38-.19-.54-.29-1.63-1.03-3.1-2.38-4.52-4.12-.69-.87-1.15-1.6-1.48-2.34.45-.41.87-.84,1.27-1.25.15-.15.31-.31.46-.47,1.15-1.15,1.15-2.65,0-3.8l-1.5-1.5c-.17-.17-.35-.35-.51-.52-.33-.34-.68-.69-1.03-1.02-.53-.53-1.17-.81-1.84-.81s-1.32.28-1.87.81h-.01s-1.87,1.9-1.87,1.9C.54,4.92.14,5.78.05,6.77c-.13,1.6.34,3.1.7,4.08.89,2.4,2.22,4.63,4.2,7.01,2.41,2.87,5.3,5.14,8.61,6.74,1.26.6,2.95,1.31,4.83,1.43.12,0,.24.01.35.01,1.27,0,2.33-.46,3.17-1.36,0-.01.02-.02.02-.03.29-.35.62-.66.96-.99.24-.23.48-.46.71-.71.54-.57.83-1.23.83-1.9s-.29-1.33-.85-1.88l-3.02-3.03ZM22.55,21.92s0,0,0,0c-.21.23-.43.44-.67.67-.36.34-.72.7-1.06,1.1-.55.59-1.21.87-2.07.87-.08,0-.17,0-.25,0-1.63-.1-3.15-.74-4.28-1.29-3.11-1.51-5.84-3.64-8.11-6.35-1.87-2.26-3.13-4.35-3.96-6.59-.51-1.37-.7-2.43-.62-3.44.05-.64.3-1.18.76-1.63l1.87-1.87c.27-.25.55-.39.84-.39.35,0,.63.21.8.38,0,0,.01.01.02.02.34.31.65.64.99.98.17.18.35.35.52.53l1.5,1.5c.58.58.58,1.12,0,1.7-.16.16-.31.32-.47.47-.46.47-.9.91-1.38,1.34-.01.01-.02.02-.03.03-.47.47-.38.93-.29,1.25,0,.02.01.03.02.05.39.94.94,1.83,1.77,2.9h0c1.52,1.87,3.11,3.33,4.88,4.44.23.14.46.26.68.37.2.1.38.19.54.29.02.01.04.03.07.04.19.09.36.14.54.14.46,0,.74-.29.84-.38l1.88-1.88c.19-.19.48-.41.83-.41s.62.21.79.4h.01s3.03,3.04,3.03,3.04c.57.56.57,1.14,0,1.72Z\"><\/path><path class=\"cls-1\" d=\"M14.08,6.2c1.44.24,2.75.92,3.79,1.97s1.72,2.35,1.97,3.79c.06.36.37.62.73.62.04,0,.08,0,.13-.01.41-.07.68-.45.61-.86-.3-1.74-1.12-3.33-2.38-4.59-1.26-1.26-2.85-2.08-4.59-2.38-.41-.07-.79.2-.86.6s.19.79.6.86Z\"><\/path><path class=\"cls-1\" d=\"M26.01,11.49c-.49-2.87-1.84-5.48-3.92-7.55C20.01,1.86,17.4.51,14.54.02c-.4-.07-.78.2-.85.6-.07.41.2.79.61.86,2.56.43,4.89,1.65,6.75,3.5,1.86,1.86,3.07,4.19,3.5,6.75.06.36.37.62.73.62.04,0,.08,0,.13-.01.4-.06.68-.44.6-.85Z\"><\/path><\/svg>\t\t\t\t<\/a>\n\t\t\t<\/div>\n\t\t\t\n\t\t\t\t\t\t<div class=\"elementor-icon-box-content\">\n\n\t\t\t\t\t\t\t\t\t<span class=\"elementor-icon-box-title\">\n\t\t\t\t\t\t<a href=\"https:\/\/wa.me\/34665229848?text=I%20want%20information%20about%20properties%20at%20El%20Alba%20Mediterranean%20Resort\" target=\"_blank\" rel=\"nofollow noopener\">\n\t\t\t\t\t\t\t+34 665 229 848\t\t\t\t\t\t<\/a>\n\t\t\t\t\t<\/span>\n\t\t\t\t\n\t\t\t\t\n\t\t\t<\/div>\n\t\t\t\n\t\t<\/div>\n\t\t\t\t\t\t<\/div>\n\t\t\t\t<div class=\"elementor-element elementor-element-3452720 elementor-position-left elementor-widget__width-auto e-transform e-transform elementor-view-default elementor-mobile-position-top elementor-invisible elementor-widget elementor-widget-icon-box\" data-id=\"3452720\" data-element_type=\"widget\" data-settings=\"{&quot;_animation&quot;:&quot;fadeInUp&quot;,&quot;_transform_scale_effect&quot;:{&quot;unit&quot;:&quot;px&quot;,&quot;size&quot;:1,&quot;sizes&quot;:[]},&quot;_transform_scale_effect_hover&quot;:{&quot;unit&quot;:&quot;px&quot;,&quot;size&quot;:1.1,&quot;sizes&quot;:[]},&quot;_transform_scale_effect_tablet&quot;:{&quot;unit&quot;:&quot;px&quot;,&quot;size&quot;:&quot;&quot;,&quot;sizes&quot;:[]},&quot;_transform_scale_effect_mobile&quot;:{&quot;unit&quot;:&quot;px&quot;,&quot;size&quot;:&quot;&quot;,&quot;sizes&quot;:[]},&quot;_transform_scale_effect_hover_tablet&quot;:{&quot;unit&quot;:&quot;px&quot;,&quot;size&quot;:&quot;&quot;,&quot;sizes&quot;:[]},&quot;_transform_scale_effect_hover_mobile&quot;:{&quot;unit&quot;:&quot;px&quot;,&quot;size&quot;:&quot;&quot;,&quot;sizes&quot;:[]}}\" data-widget_type=\"icon-box.default\">\n\t\t\t\t\t\t\t<div class=\"elementor-icon-box-wrapper\">\n\n\t\t\t\t\t\t<div class=\"elementor-icon-box-icon\">\n\t\t\t\t<a href=\"mailto:smichel@propertyco.es\" target=\"_blank\" class=\"elementor-icon\" tabindex=\"-1\" aria-label=\"smichel@propertyco.es\">\n\t\t\t\t<svg xmlns=\"http:\/\/www.w3.org\/2000\/svg\" id=\"Capa_1\" data-name=\"Capa 1\" viewBox=\"0 0 26.05 26.05\"><defs><style>      .cls-1 {        fill: #ffa97f;      }    <\/style><\/defs><path class=\"cls-1\" d=\"M23.54,3.99H2.51C1.09,3.99-.12,5.19-.12,6.62v12.81c0,1.42,1.2,2.63,2.63,2.63h21.03c1.42,0,2.63-1.2,2.63-2.63V6.62c0-1.42-1.2-2.63-2.63-2.63ZM17.68,12.8l7.28-6.9c.11.22.16.44.16.71v12.81c0,.22-.05.44-.16.66l-7.28-7.28ZM23.54,5.03c.22,0,.44.05.66.16l-11.17,10.62L1.85,5.19c.22-.11.44-.16.66-.16h21.03ZM1.09,20.09c-.11-.22-.16-.44-.16-.66V6.62c0-.27.05-.49.16-.71l7.23,6.9-7.23,7.28ZM2.51,21.02c-.27,0-.49-.05-.71-.16l7.28-7.28,3.56,3.4c.22.22.55.22.71,0l3.56-3.4,7.28,7.28c-.22.11-.44.16-.71.16H2.51Z\"><\/path><\/svg>\t\t\t\t<\/a>\n\t\t\t<\/div>\n\t\t\t\n\t\t\t\t\t\t<div class=\"elementor-icon-box-content\">\n\n\t\t\t\t\t\t\t\t\t<span class=\"elementor-icon-box-title\">\n\t\t\t\t\t\t<a href=\"mailto:smichel@propertyco.es\" target=\"_blank\" >\n\t\t\t\t\t\t\tsmichel@propertyco.es\t\t\t\t\t\t<\/a>\n\t\t\t\t\t<\/span>\n\t\t\t\t\n\t\t\t\t\n\t\t\t<\/div>\n\t\t\t\n\t\t<\/div>\n\t\t\t\t\t\t<\/div>\n\t\t\t\t<\/div>\n\t\t\t\t<\/div>\n\t\t<div class=\"elementor-element elementor-element-f823e15 e-con-full e-flex e-con e-child\" data-id=\"f823e15\" data-element_type=\"container\">\n\t\t\t\t<div class=\"elementor-element elementor-element-4e4d9d1 elementor-widget elementor-widget-image\" data-id=\"4e4d9d1\" data-element_type=\"widget\" data-widget_type=\"image.default\">\n\t\t\t\t\t\t\t\t\t\t\t\t\t\t\t<img decoding=\"async\" width=\"800\" height=\"223\" data-src=\"https:\/\/residencialelalba.es\/wp-content\/uploads\/2024\/06\/cropped-logo-horizontallogo-El-Alba-Ingles-1024x285.png\" class=\"attachment-large size-large wp-image-9582 lazyload\" alt=\"\" data-srcset=\"https:\/\/residencialelalba.es\/wp-content\/uploads\/2024\/06\/cropped-logo-horizontallogo-El-Alba-Ingles-1024x285.png 1024w, https:\/\/residencialelalba.es\/wp-content\/uploads\/2024\/06\/cropped-logo-horizontallogo-El-Alba-Ingles-300x83.png 300w, https:\/\/residencialelalba.es\/wp-content\/uploads\/2024\/06\/cropped-logo-horizontallogo-El-Alba-Ingles-768x214.png 768w, https:\/\/residencialelalba.es\/wp-content\/uploads\/2024\/06\/cropped-logo-horizontallogo-El-Alba-Ingles-1536x427.png 1536w, https:\/\/residencialelalba.es\/wp-content\/uploads\/2024\/06\/cropped-logo-horizontallogo-El-Alba-Ingles.png 1920w\" data-sizes=\"(max-width: 800px) 100vw, 800px\" src=\"data:image\/svg+xml;base64,PHN2ZyB3aWR0aD0iMSIgaGVpZ2h0PSIxIiB4bWxucz0iaHR0cDovL3d3dy53My5vcmcvMjAwMC9zdmciPjwvc3ZnPg==\" style=\"--smush-placeholder-width: 800px; --smush-placeholder-aspect-ratio: 800\/223;\" \/>\t\t\t\t\t\t\t\t\t\t\t\t\t\t\t<\/div>\n\t\t\t\t<div class=\"elementor-element elementor-element-943d053 elementor-widget__width-inherit elementor-widget elementor-widget-heading\" data-id=\"943d053\" data-element_type=\"widget\" data-widget_type=\"heading.default\">\n\t\t\t\t\t<h2 class=\"elementor-heading-title elementor-size-default\">PLOTS<\/h2>\t\t\t\t<\/div>\n\t\t\t\t<div class=\"elementor-element elementor-element-8357266 elementor-widget__width-initial elementor-widget elementor-widget-text-editor\" data-id=\"8357266\" data-element_type=\"widget\" data-widget_type=\"text-editor.default\">\n\t\t\t\t\t\t\t\t\t<p>Check availability of commercial and residential plots, our sales team will be happy to assist you.<\/p>\n\t\t\t\t\t\t\t\t<\/div>\n\t\t<div class=\"elementor-element elementor-element-75811b7 e-con-full e-flex e-con e-child\" data-id=\"75811b7\" data-element_type=\"container\">\n\t\t\t\t<div class=\"elementor-element elementor-element-06c8f9e elementor-position-left elementor-widget__width-auto e-transform e-transform elementor-view-default elementor-mobile-position-top elementor-invisible elementor-widget elementor-widget-icon-box\" data-id=\"06c8f9e\" data-element_type=\"widget\" data-settings=\"{&quot;_animation&quot;:&quot;fadeInUp&quot;,&quot;_transform_scale_effect&quot;:{&quot;unit&quot;:&quot;px&quot;,&quot;size&quot;:1,&quot;sizes&quot;:[]},&quot;_transform_scale_effect_hover&quot;:{&quot;unit&quot;:&quot;px&quot;,&quot;size&quot;:1.1,&quot;sizes&quot;:[]},&quot;_transform_scale_effect_tablet&quot;:{&quot;unit&quot;:&quot;px&quot;,&quot;size&quot;:&quot;&quot;,&quot;sizes&quot;:[]},&quot;_transform_scale_effect_mobile&quot;:{&quot;unit&quot;:&quot;px&quot;,&quot;size&quot;:&quot;&quot;,&quot;sizes&quot;:[]},&quot;_transform_scale_effect_hover_tablet&quot;:{&quot;unit&quot;:&quot;px&quot;,&quot;size&quot;:&quot;&quot;,&quot;sizes&quot;:[]},&quot;_transform_scale_effect_hover_mobile&quot;:{&quot;unit&quot;:&quot;px&quot;,&quot;size&quot;:&quot;&quot;,&quot;sizes&quot;:[]}}\" data-widget_type=\"icon-box.default\">\n\t\t\t\t\t\t\t<div class=\"elementor-icon-box-wrapper\">\n\n\t\t\t\t\t\t<div class=\"elementor-icon-box-icon\">\n\t\t\t\t<a href=\"https:\/\/wa.me\/34665531124?text=I%20want%20information%20about%20plots%20at%20El%20Alba%20Mediterranean%20Resort\" target=\"_blank\" class=\"elementor-icon\" tabindex=\"-1\" aria-label=\"+34 665 53 11 24\" rel=\"nofollow noopener\">\n\t\t\t\t<svg xmlns=\"http:\/\/www.w3.org\/2000\/svg\" id=\"Capa_1\" data-name=\"Capa 1\" viewBox=\"0 0 26.05 26.05\"><defs><style>      .cls-1 {        fill: #ffa97f;      }    <\/style><\/defs><path class=\"cls-1\" d=\"M20.58,16.13c-.53-.55-1.18-.85-1.86-.85s-1.32.29-1.88.85l-1.74,1.73c-.14-.08-.29-.15-.42-.22-.2-.1-.38-.19-.54-.29-1.63-1.03-3.1-2.38-4.52-4.12-.69-.87-1.15-1.6-1.48-2.34.45-.41.87-.84,1.27-1.25.15-.15.31-.31.46-.47,1.15-1.15,1.15-2.65,0-3.8l-1.5-1.5c-.17-.17-.35-.35-.51-.52-.33-.34-.68-.69-1.03-1.02-.53-.53-1.17-.81-1.84-.81s-1.32.28-1.87.81h-.01s-1.87,1.9-1.87,1.9C.54,4.92.14,5.78.05,6.77c-.13,1.6.34,3.1.7,4.08.89,2.4,2.22,4.63,4.2,7.01,2.41,2.87,5.3,5.14,8.61,6.74,1.26.6,2.95,1.31,4.83,1.43.12,0,.24.01.35.01,1.27,0,2.33-.46,3.17-1.36,0-.01.02-.02.02-.03.29-.35.62-.66.96-.99.24-.23.48-.46.71-.71.54-.57.83-1.23.83-1.9s-.29-1.33-.85-1.88l-3.02-3.03ZM22.55,21.92s0,0,0,0c-.21.23-.43.44-.67.67-.36.34-.72.7-1.06,1.1-.55.59-1.21.87-2.07.87-.08,0-.17,0-.25,0-1.63-.1-3.15-.74-4.28-1.29-3.11-1.51-5.84-3.64-8.11-6.35-1.87-2.26-3.13-4.35-3.96-6.59-.51-1.37-.7-2.43-.62-3.44.05-.64.3-1.18.76-1.63l1.87-1.87c.27-.25.55-.39.84-.39.35,0,.63.21.8.38,0,0,.01.01.02.02.34.31.65.64.99.98.17.18.35.35.52.53l1.5,1.5c.58.58.58,1.12,0,1.7-.16.16-.31.32-.47.47-.46.47-.9.91-1.38,1.34-.01.01-.02.02-.03.03-.47.47-.38.93-.29,1.25,0,.02.01.03.02.05.39.94.94,1.83,1.77,2.9h0c1.52,1.87,3.11,3.33,4.88,4.44.23.14.46.26.68.37.2.1.38.19.54.29.02.01.04.03.07.04.19.09.36.14.54.14.46,0,.74-.29.84-.38l1.88-1.88c.19-.19.48-.41.83-.41s.62.21.79.4h.01s3.03,3.04,3.03,3.04c.57.56.57,1.14,0,1.72Z\"><\/path><path class=\"cls-1\" d=\"M14.08,6.2c1.44.24,2.75.92,3.79,1.97s1.72,2.35,1.97,3.79c.06.36.37.62.73.62.04,0,.08,0,.13-.01.41-.07.68-.45.61-.86-.3-1.74-1.12-3.33-2.38-4.59-1.26-1.26-2.85-2.08-4.59-2.38-.41-.07-.79.2-.86.6s.19.79.6.86Z\"><\/path><path class=\"cls-1\" d=\"M26.01,11.49c-.49-2.87-1.84-5.48-3.92-7.55C20.01,1.86,17.4.51,14.54.02c-.4-.07-.78.2-.85.6-.07.41.2.79.61.86,2.56.43,4.89,1.65,6.75,3.5,1.86,1.86,3.07,4.19,3.5,6.75.06.36.37.62.73.62.04,0,.08,0,.13-.01.4-.06.68-.44.6-.85Z\"><\/path><\/svg>\t\t\t\t<\/a>\n\t\t\t<\/div>\n\t\t\t\n\t\t\t\t\t\t<div class=\"elementor-icon-box-content\">\n\n\t\t\t\t\t\t\t\t\t<span class=\"elementor-icon-box-title\">\n\t\t\t\t\t\t<a href=\"https:\/\/wa.me\/34665531124?text=I%20want%20information%20about%20plots%20at%20El%20Alba%20Mediterranean%20Resort\" target=\"_blank\" rel=\"nofollow noopener\">\n\t\t\t\t\t\t\t+34 665 53 11 24\t\t\t\t\t\t<\/a>\n\t\t\t\t\t<\/span>\n\t\t\t\t\n\t\t\t\t\n\t\t\t<\/div>\n\t\t\t\n\t\t<\/div>\n\t\t\t\t\t\t<\/div>\n\t\t\t\t<div class=\"elementor-element elementor-element-6d82703 elementor-position-left elementor-widget__width-auto e-transform e-transform elementor-view-default elementor-mobile-position-top elementor-invisible elementor-widget elementor-widget-icon-box\" data-id=\"6d82703\" data-element_type=\"widget\" data-settings=\"{&quot;_animation&quot;:&quot;fadeInUp&quot;,&quot;_transform_scale_effect&quot;:{&quot;unit&quot;:&quot;px&quot;,&quot;size&quot;:1,&quot;sizes&quot;:[]},&quot;_transform_scale_effect_hover&quot;:{&quot;unit&quot;:&quot;px&quot;,&quot;size&quot;:1.1,&quot;sizes&quot;:[]},&quot;_transform_scale_effect_tablet&quot;:{&quot;unit&quot;:&quot;px&quot;,&quot;size&quot;:&quot;&quot;,&quot;sizes&quot;:[]},&quot;_transform_scale_effect_mobile&quot;:{&quot;unit&quot;:&quot;px&quot;,&quot;size&quot;:&quot;&quot;,&quot;sizes&quot;:[]},&quot;_transform_scale_effect_hover_tablet&quot;:{&quot;unit&quot;:&quot;px&quot;,&quot;size&quot;:&quot;&quot;,&quot;sizes&quot;:[]},&quot;_transform_scale_effect_hover_mobile&quot;:{&quot;unit&quot;:&quot;px&quot;,&quot;size&quot;:&quot;&quot;,&quot;sizes&quot;:[]}}\" data-widget_type=\"icon-box.default\">\n\t\t\t\t\t\t\t<div class=\"elementor-icon-box-wrapper\">\n\n\t\t\t\t\t\t<div class=\"elementor-icon-box-icon\">\n\t\t\t\t<a href=\"mailto:info@residencialelalba.es\" target=\"_blank\" class=\"elementor-icon\" tabindex=\"-1\" aria-label=\"info@residencialelalba.es\">\n\t\t\t\t<svg xmlns=\"http:\/\/www.w3.org\/2000\/svg\" id=\"Capa_1\" data-name=\"Capa 1\" viewBox=\"0 0 26.05 26.05\"><defs><style>      .cls-1 {        fill: #ffa97f;      }    <\/style><\/defs><path class=\"cls-1\" d=\"M23.54,3.99H2.51C1.09,3.99-.12,5.19-.12,6.62v12.81c0,1.42,1.2,2.63,2.63,2.63h21.03c1.42,0,2.63-1.2,2.63-2.63V6.62c0-1.42-1.2-2.63-2.63-2.63ZM17.68,12.8l7.28-6.9c.11.22.16.44.16.71v12.81c0,.22-.05.44-.16.66l-7.28-7.28ZM23.54,5.03c.22,0,.44.05.66.16l-11.17,10.62L1.85,5.19c.22-.11.44-.16.66-.16h21.03ZM1.09,20.09c-.11-.22-.16-.44-.16-.66V6.62c0-.27.05-.49.16-.71l7.23,6.9-7.23,7.28ZM2.51,21.02c-.27,0-.49-.05-.71-.16l7.28-7.28,3.56,3.4c.22.22.55.22.71,0l3.56-3.4,7.28,7.28c-.22.11-.44.16-.71.16H2.51Z\"><\/path><\/svg>\t\t\t\t<\/a>\n\t\t\t<\/div>\n\t\t\t\n\t\t\t\t\t\t<div class=\"elementor-icon-box-content\">\n\n\t\t\t\t\t\t\t\t\t<span class=\"elementor-icon-box-title\">\n\t\t\t\t\t\t<a href=\"mailto:info@residencialelalba.es\" target=\"_blank\" >\n\t\t\t\t\t\t\tinfo@residencialelalba.es\t\t\t\t\t\t<\/a>\n\t\t\t\t\t<\/span>\n\t\t\t\t\n\t\t\t\t\n\t\t\t<\/div>\n\t\t\t\n\t\t<\/div>\n\t\t\t\t\t\t<\/div>\n\t\t\t\t<\/div>\n\t\t\t\t<\/div>\n\t\t\t\t<\/div>\n\t\t\t\t\t<\/div>\n\t\t\t\t<\/div>\n\t\t\t\t<\/div>\n\t\t","protected":false},"excerpt":{"rendered":"<p>HOW TO GET THERE BY CAR From Rold\u00e1n, take the RM-F21 towards Torre Pacheco. BY PLANE From the Regi\u00f3n de Murcia International Airport. From the Alicante &#8211; Elche Miguel Hern\u00e1ndez International Airport. BY TRAIN From Torre Pacheco train station. From Balsicas-Mar Menor train station. BY BUS Bus stop \u201cLos Cachimanes\u201d. MAKE AN APPOINTMENT ATOUR SALES [&hellip;]<\/p>\n","protected":false},"author":1,"featured_media":0,"parent":0,"menu_order":0,"comment_status":"closed","ping_status":"closed","template":"","meta":{"inline_featured_image":false,"footnotes":""},"class_list":["post-13214","page","type-page","status-publish","hentry"],"_links":{"self":[{"href":"https:\/\/residencialelalba.es\/en\/wp-json\/wp\/v2\/pages\/13214","targetHints":{"allow":["GET"]}}],"collection":[{"href":"https:\/\/residencialelalba.es\/en\/wp-json\/wp\/v2\/pages"}],"about":[{"href":"https:\/\/residencialelalba.es\/en\/wp-json\/wp\/v2\/types\/page"}],"author":[{"embeddable":true,"href":"https:\/\/residencialelalba.es\/en\/wp-json\/wp\/v2\/users\/1"}],"replies":[{"embeddable":true,"href":"https:\/\/residencialelalba.es\/en\/wp-json\/wp\/v2\/comments?post=13214"}],"version-history":[{"count":2,"href":"https:\/\/residencialelalba.es\/en\/wp-json\/wp\/v2\/pages\/13214\/revisions"}],"predecessor-version":[{"id":13391,"href":"https:\/\/residencialelalba.es\/en\/wp-json\/wp\/v2\/pages\/13214\/revisions\/13391"}],"wp:attachment":[{"href":"https:\/\/residencialelalba.es\/en\/wp-json\/wp\/v2\/media?parent=13214"}],"curies":[{"name":"wp","href":"https:\/\/api.w.org\/{rel}","templated":true}]}}